{"id":8694,"date":"2023-04-02T13:30:25","date_gmt":"2023-04-02T11:30:25","guid":{"rendered":"https:\/\/www.influencer-city-guide.net\/?page_id=8694"},"modified":"2025-09-11T14:32:37","modified_gmt":"2025-09-11T12:32:37","slug":"programa-de-afiliados","status":"publish","type":"page","link":"https:\/\/www.influencer-city-guide.net\/pt-pt\/programa-de-afiliados\/","title":{"rendered":"Programa de Afiliados"},"content":{"rendered":"<div data-elementor-type=\"wp-page\" data-elementor-id=\"8694\" class=\"elementor elementor-8694\">\n\t\t\t\t\t\t<section class=\"elementor-section elementor-top-section elementor-element elementor-element-27a665d elementor-section-stretched elementor-section-boxed elementor-section-gap-beside-yes elementor-section-height-default elementor-section-height-default elementor-section-column-vertical-align-stretch\" data-id=\"27a665d\" data-element_type=\"section\" data-settings=\"{&quot;stretch_section&quot;:&quot;section-stretched&quot;,&quot;background_background&quot;:&quot;classic&quot;}\">\n\t\t\t\t\t\t<div class=\"elementor-container elementor-column-gap-extended\">\n\t\t\t\t\t<div class=\"elementor-column elementor-col-100 elementor-top-column elementor-element elementor-element-863134f\" data-id=\"863134f\" data-element_type=\"column\">\n\t\t\t<div class=\"elementor-widget-wrap elementor-element-populated\">\n\t\t\t\t\t\t<div class=\"elementor-element elementor-element-73c4dee elementor-widget elementor-widget-heading\" data-id=\"73c4dee\" data-element_type=\"widget\" data-widget_type=\"heading.default\">\n\t\t\t\t<div class=\"elementor-widget-container\">\n\t\t\t\t\t<h2 class=\"elementor-heading-title elementor-size-default\">Programa de Afiliados<\/h2>\t\t\t\t<\/div>\n\t\t\t\t<\/div>\n\t\t\t\t<div class=\"elementor-element elementor-element-19724d4 elementor-widget elementor-widget-text-editor\" data-id=\"19724d4\" data-element_type=\"widget\" data-widget_type=\"text-editor.default\">\n\t\t\t\t<div class=\"elementor-widget-container\">\n\t\t\t\t\t\t\t\t\t<p style=\"text-align: center;\">Fale sobre nosso programa de afiliados<\/p>\t\t\t\t\t\t\t\t<\/div>\n\t\t\t\t<\/div>\n\t\t\t\t\t<\/div>\n\t\t<\/div>\n\t\t\t\t\t<\/div>\n\t\t<\/section>\n\t\t\t\t<section class=\"elementor-section elementor-top-section elementor-element elementor-element-27b77407 elementor-section-boxed elementor-section-gap-beside-yes elementor-section-height-default elementor-section-height-default elementor-section-column-vertical-align-stretch\" data-id=\"27b77407\" data-element_type=\"section\">\n\t\t\t\t\t\t<div class=\"elementor-container elementor-column-gap-extended\">\n\t\t\t\t\t<div class=\"elementor-column elementor-col-100 elementor-top-column elementor-element elementor-element-39e9b611\" data-id=\"39e9b611\" data-element_type=\"column\">\n\t\t\t<div class=\"elementor-widget-wrap elementor-element-populated\">\n\t\t\t\t\t\t<div class=\"elementor-element elementor-element-2ed3b20c elementor-widget elementor-widget-text-editor\" data-id=\"2ed3b20c\" data-element_type=\"widget\" data-widget_type=\"text-editor.default\">\n\t\t\t\t<div class=\"elementor-widget-container\">\n\t\t\t\t\t\t\t\t\t<h4>\ud83d\udce2 Programa de Afiliados \u2013 Lucre duas vezes com o Guia da Cidade Influenciadora (#IFCG)<strong><br \/><\/strong><\/h4><p>N\u00f3s do Influencer City Guide (#IFCG) gostar\u00edamos de trabalhar com voc\u00ea! <br \/>Descubra aqui o que fazemos e como voc\u00ea pode se beneficiar disso.<br \/><br \/><strong>O que \u00e9 o Influencer City Guide (#IFCG) e como voc\u00ea se beneficia?<br \/><\/strong>O #IFCG conecta influenciadores com empresas locais, como restaurantes, bares, caf\u00e9s, hot\u00e9is e varejistas.<strong><br \/><\/strong><br \/><strong>Suas vantagens:<\/strong><\/p><ul><li>Ofertas exclusivas como entrada gratuita, vouchers de alimenta\u00e7\u00e3o, acomoda\u00e7\u00e3o em hotel<\/li><li>Descubra novas cidades e participe de colabora\u00e7\u00f5es emocionantes<\/li><li>Aumente seu alcance compartilhando conte\u00fado interessante com sua comunidade<\/li><\/ul><p><strong>As empresas podem facilmente criar mini-coopera\u00e7\u00f5es, por exemplo:<br \/><\/strong>Entrada gratuita + vale-alimenta\u00e7\u00e3o para 2 stories do Instagram<br \/><br \/><strong>Recomende e ganhe \u2013 \u00e9 assim que funciona!<\/strong><br \/>O #IFCG cresce por meio de fortes ofertas de parceiros. <br \/>Se voc\u00ea conhece empresas que se encaixam em nossa plataforma, recomende-nos e receba uma comiss\u00e3o atrativa!<br \/><br \/><strong>Suas vantagens:<\/strong><\/p><ul><li>Comiss\u00e3o atrativa sobre o faturamento l\u00edquido de todos os pacotes reservados por meio de novos clientes indicados<\/li><li>Recomenda\u00e7\u00e3o simples via redes sociais ou contatos pessoais<\/li><li>Ganha-se para todos os envolvidos: as empresas ganham mais alcance e voc\u00ea tamb\u00e9m ganha.<\/li><\/ul><p><strong>Oferta exclusiva para empresas:<\/strong><br \/>Todos os novos registros no m\u00eas atual recebem 3 meses de uso gratuito \u2013 sem obriga\u00e7\u00f5es!<br \/><br \/><strong>Como come\u00e7ar no programa de parceiros:<\/strong> <br \/>1\ufe0f\u20e3 Cadastre-se no programa de afiliados<br \/>2\ufe0f\u20e3 Compartilhe sua recomenda\u00e7\u00e3o nas redes sociais ou diretamente com parceiros de neg\u00f3cios<br \/>3\ufe0f\u20e3 Receba sua comiss\u00e3o assim que uma empresa indicada reservar um pacote<br \/><br \/>\ud83d\udce9 <strong>Quest\u00f5es?<\/strong><br \/>Nossa equipe est\u00e1 dispon\u00edvel para voc\u00ea durante a semana, das 9h \u00e0s 18h:<br \/>\ud83d\udcde Telefone: +49 (30) 398 202 288<br \/><br \/>Aguardamos sua inscri\u00e7\u00e3o!<br \/><strong>Equipe do Guia da Cidade Influenciadora<\/strong><\/p>\t\t\t\t\t\t\t\t<\/div>\n\t\t\t\t<\/div>\n\t\t\t\t\t<\/div>\n\t\t<\/div>\n\t\t\t\t\t<\/div>\n\t\t<\/section>\n\t\t\t\t<section class=\"elementor-section elementor-top-section elementor-element elementor-element-df2eb14 elementor-section-boxed elementor-section-gap-beside-yes elementor-section-height-default elementor-section-height-default elementor-section-column-vertical-align-stretch\" data-id=\"df2eb14\" data-element_type=\"section\">\n\t\t\t\t\t\t<div class=\"elementor-container elementor-column-gap-extended\">\n\t\t\t\t\t<div class=\"elementor-column elementor-col-100 elementor-top-column elementor-element elementor-element-c0c9889\" data-id=\"c0c9889\" data-element_type=\"column\">\n\t\t\t<div class=\"elementor-widget-wrap elementor-element-populated\">\n\t\t\t\t\t\t<div class=\"elementor-element elementor-element-91c877e golo-contact-form-style-01 golo-button-align-stretch elementor-widget elementor-widget-golo-contact-form-7\" data-id=\"91c877e\" data-element_type=\"widget\" data-widget_type=\"golo-contact-form-7.default\">\n\t\t\t\t<div class=\"elementor-widget-container\">\n\t\t\t\t\t\t\t<div class=\"golo-contact-form-7\">\n\t\t\t\n<div class=\"wpcf7 no-js\" id=\"wpcf7-f14-o1\" lang=\"de-DE\" dir=\"ltr\" data-wpcf7-id=\"14\">\n<div class=\"screen-reader-response\"><p role=\"status\" aria-live=\"polite\" aria-atomic=\"true\"><\/p> <ul><\/ul><\/div>\n<form action=\"\/pt-pt\/wp-json\/wp\/v2\/pages\/8694#wpcf7-f14-o1\" method=\"post\" class=\"wpcf7-form init\" aria-label=\"Kontaktformular\" novalidate=\"novalidate\" data-status=\"init\" data-trp-original-action=\"\/pt-pt\/wp-json\/wp\/v2\/pages\/8694#wpcf7-f14-o1\">\n<fieldset class=\"hidden-fields-container\"><input type=\"hidden\" name=\"_wpcf7\" value=\"14\" \/><input type=\"hidden\" name=\"_wpcf7_version\" value=\"6.1.5\" \/><input type=\"hidden\" name=\"_wpcf7_locale\" value=\"de_DE\" \/><input type=\"hidden\" name=\"_wpcf7_unit_tag\" value=\"wpcf7-f14-o1\" \/><input type=\"hidden\" name=\"_wpcf7_container_post\" value=\"0\" \/><input type=\"hidden\" name=\"_wpcf7_posted_data_hash\" value=\"\" \/>\n<\/fieldset>\n<p>Seu nome (obrigat\u00f3rio)<br \/>\n<span class=\"wpcf7-form-control-wrap\" data-name=\"your-name\"><input size=\"40\" maxlength=\"400\" class=\"wpcf7-form-control wpcf7-text wpcf7-validates-as-required\" aria-required=\"true\" aria-invalid=\"false\" value=\"\" type=\"text\" name=\"your-name\" \/><\/span>\n<\/p>\n<p>Seu e-mail (obrigat\u00f3rio)<br \/>\n<span class=\"wpcf7-form-control-wrap\" data-name=\"your-email\"><input size=\"40\" maxlength=\"400\" class=\"wpcf7-form-control wpcf7-email wpcf7-validates-as-required wpcf7-text wpcf7-validates-as-email\" aria-required=\"true\" aria-invalid=\"false\" value=\"\" type=\"email\" name=\"your-email\" \/><\/span>\n<\/p>\n<p>Emitir<br \/>\n<span class=\"wpcf7-form-control-wrap\" data-name=\"your-issue\"><select class=\"wpcf7-form-control wpcf7-select wpcf7-validates-as-required\" aria-required=\"true\" aria-invalid=\"false\" name=\"your-issue\"><option value=\"General Inquiry\">Consulta Geral<\/option><option value=\"Request Affiliate Program\">Solicitar programa de afiliados<\/option><option value=\"Feedback\">Opini\u00e3o<\/option><\/select><\/span>\n<\/p>\n<p><b>Perfis de m\u00eddia social (insira as contas existentes)<\/b>\n<\/p>\n<p>Instagram URL<br \/>\n<span class=\"wpcf7-form-control-wrap\" data-name=\"instagram-url\"><input size=\"40\" maxlength=\"400\" class=\"wpcf7-form-control wpcf7-url wpcf7-text wpcf7-validates-as-url\" aria-invalid=\"false\" value=\"\" type=\"url\" name=\"instagram-url\" \/><\/span>\n<\/p>\n<p>TikTok URL<br \/>\n<span class=\"wpcf7-form-control-wrap\" data-name=\"tiktok-url\"><input size=\"40\" maxlength=\"400\" class=\"wpcf7-form-control wpcf7-url wpcf7-text wpcf7-validates-as-url\" aria-invalid=\"false\" value=\"\" type=\"url\" name=\"tiktok-url\" \/><\/span>\n<\/p>\n<p>YouTube URL<br \/>\n<span class=\"wpcf7-form-control-wrap\" data-name=\"youtube-url\"><input size=\"40\" maxlength=\"400\" class=\"wpcf7-form-control wpcf7-url wpcf7-text wpcf7-validates-as-url\" aria-invalid=\"false\" value=\"\" type=\"url\" name=\"youtube-url\" \/><\/span>\n<\/p>\n<p>Facebook URL<br \/>\n<span class=\"wpcf7-form-control-wrap\" data-name=\"facebook-url\"><input size=\"40\" maxlength=\"400\" class=\"wpcf7-form-control wpcf7-url wpcf7-text wpcf7-validates-as-url\" aria-invalid=\"false\" value=\"\" type=\"url\" name=\"facebook-url\" \/><\/span>\n<\/p>\n<p>Pinterest URL<br \/>\n<span class=\"wpcf7-form-control-wrap\" data-name=\"pinterest-url\"><input size=\"40\" maxlength=\"400\" class=\"wpcf7-form-control wpcf7-url wpcf7-text wpcf7-validates-as-url\" aria-invalid=\"false\" value=\"\" type=\"url\" name=\"pinterest-url\" \/><\/span>\n<\/p>\n<p>Twitch URL<br \/>\n<span class=\"wpcf7-form-control-wrap\" data-name=\"twitch-url\"><input size=\"40\" maxlength=\"400\" class=\"wpcf7-form-control wpcf7-url wpcf7-text wpcf7-validates-as-url\" aria-invalid=\"false\" value=\"\" type=\"url\" name=\"twitch-url\" \/><\/span>\n<\/p>\n<p>Mais perfis sociais<br \/>\n<span class=\"wpcf7-form-control-wrap\" data-name=\"your-social-profiles\"><input size=\"40\" maxlength=\"400\" class=\"wpcf7-form-control wpcf7-url wpcf7-text wpcf7-validates-as-url\" aria-invalid=\"false\" value=\"\" type=\"url\" name=\"your-social-profiles\" \/><\/span>\n<\/p>\n<p>Sua mensagem<br \/>\n<span class=\"wpcf7-form-control-wrap\" data-name=\"your-message\"><textarea cols=\"40\" rows=\"10\" maxlength=\"2000\" class=\"wpcf7-form-control wpcf7-textarea\" aria-invalid=\"false\" name=\"your-message\"><\/textarea><\/span>\n<\/p>\n<p><span class=\"wpcf7-form-control-wrap\" data-name=\"acceptance-1\"><span class=\"wpcf7-form-control wpcf7-acceptance\"><span class=\"wpcf7-list-item\"><input type=\"checkbox\" name=\"acceptance-1\" value=\"1\" aria-invalid=\"false\" \/><\/span><\/span><\/span> Reconhe\u00e7o que as informa\u00e7\u00f5es enviadas atrav\u00e9s deste formul\u00e1rio, incluindo meu nome, endere\u00e7o de e-mail e o conte\u00fado da minha mensagem, ser\u00e3o armazenadas para facilitar uma resposta apropriada. Para obter mais detalhes sobre como tratamos os dados pessoais, visite nosso <a href=\"https:\/\/www.influencer-city-guide.net\/pt-pt\/politica-de-privacidade\/\" target=\"_blank\">pol\u00edtica de Privacidade<\/a>.\n<\/p>\n<p><input class=\"wpcf7-form-control wpcf7-submit has-spinner\" type=\"submit\" value=\"Enviar\" \/>\n<\/p><p style=\"display: none !important;\" class=\"akismet-fields-container\" data-prefix=\"_wpcf7_ak_\"><label>\u0394<textarea name=\"_wpcf7_ak_hp_textarea\" cols=\"45\" rows=\"8\" maxlength=\"100\"><\/textarea><\/label><input type=\"hidden\" id=\"ak_js_1\" name=\"_wpcf7_ak_js\" value=\"201\"\/><script>document.getElementById( \"ak_js_1\" ).setAttribute( \"value\", ( new Date() ).getTime() );<\/script><\/p><div class=\"wpcf7-response-output\" aria-hidden=\"true\"><\/div>\n<input type=\"hidden\" name=\"trp-form-language\" value=\"pt-pt\"\/><\/form>\n<\/div>\n\t\t<\/div>\n\t\t\t\t\t\t<\/div>\n\t\t\t\t<\/div>\n\t\t\t\t\t<\/div>\n\t\t<\/div>\n\t\t\t\t\t<\/div>\n\t\t<\/section>\n\t\t\t\t<\/div>","protected":false},"excerpt":{"rendered":"<p>Affiliate Program Tell you about our Affiliate Program \ud83d\udce2 Affiliate Program &#8211; Profit twice with the Influencer City Guide (#IFCG) We at the Influencer City Guide (#IFCG) would like to work with you! Find out here what we do and how you can benefit from it. What is the Influencer City Guide (#IFCG) and how [&hellip;]<\/p>\n","protected":false},"author":1,"featured_media":0,"parent":0,"menu_order":0,"comment_status":"closed","ping_status":"closed","template":"","meta":{"_acf_changed":false,"footnotes":""},"class_list":["post-8694","page","type-page","status-publish","hentry"],"acf":[],"jetpack_sharing_enabled":true,"_links":{"self":[{"href":"https:\/\/www.influencer-city-guide.net\/pt-pt\/wp-json\/wp\/v2\/pages\/8694","targetHints":{"allow":["GET"]}}],"collection":[{"href":"https:\/\/www.influencer-city-guide.net\/pt-pt\/wp-json\/wp\/v2\/pages"}],"about":[{"href":"https:\/\/www.influencer-city-guide.net\/pt-pt\/wp-json\/wp\/v2\/types\/page"}],"author":[{"embeddable":true,"href":"https:\/\/www.influencer-city-guide.net\/pt-pt\/wp-json\/wp\/v2\/users\/1"}],"replies":[{"embeddable":true,"href":"https:\/\/www.influencer-city-guide.net\/pt-pt\/wp-json\/wp\/v2\/comments?post=8694"}],"version-history":[{"count":300,"href":"https:\/\/www.influencer-city-guide.net\/pt-pt\/wp-json\/wp\/v2\/pages\/8694\/revisions"}],"predecessor-version":[{"id":22955,"href":"https:\/\/www.influencer-city-guide.net\/pt-pt\/wp-json\/wp\/v2\/pages\/8694\/revisions\/22955"}],"wp:attachment":[{"href":"https:\/\/www.influencer-city-guide.net\/pt-pt\/wp-json\/wp\/v2\/media?parent=8694"}],"curies":[{"name":"wp","href":"https:\/\/api.w.org\/{rel}","templated":true}]}}