{"id":22164,"date":"2025-08-02T12:03:22","date_gmt":"2025-08-02T10:03:22","guid":{"rendered":"https:\/\/www.influencer-city-guide.net\/?page_id=22164"},"modified":"2026-02-25T16:13:00","modified_gmt":"2026-02-25T15:13:00","slug":"livelli-di-influencer","status":"publish","type":"page","link":"https:\/\/www.influencer-city-guide.net\/it-it\/livelli-di-influencer\/","title":{"rendered":"Influencer Levels"},"content":{"rendered":"<div data-elementor-type=\"wp-page\" data-elementor-id=\"22164\" class=\"elementor elementor-22164\">\n\t\t\t\t\t\t<section class=\"elementor-section elementor-top-section elementor-element elementor-element-cb39800 elementor-section-stretched elementor-section-boxed elementor-section-gap-beside-yes elementor-section-height-default elementor-section-height-default elementor-section-column-vertical-align-stretch\" data-id=\"cb39800\" data-element_type=\"section\" data-settings=\"{&quot;stretch_section&quot;:&quot;section-stretched&quot;,&quot;background_background&quot;:&quot;classic&quot;}\">\n\t\t\t\t\t\t<div class=\"elementor-container elementor-column-gap-extended\">\n\t\t\t\t\t<div class=\"elementor-column elementor-col-100 elementor-top-column elementor-element elementor-element-c878572\" data-id=\"c878572\" data-element_type=\"column\">\n\t\t\t<div class=\"elementor-widget-wrap elementor-element-populated\">\n\t\t\t\t\t\t<div class=\"elementor-element elementor-element-9a11b33 elementor-widget elementor-widget-heading\" data-id=\"9a11b33\" data-element_type=\"widget\" data-widget_type=\"heading.default\">\n\t\t\t\t<div class=\"elementor-widget-container\">\n\t\t\t\t\t<h2 class=\"elementor-heading-title elementor-size-default\">Influencer Levels<\/h2>\t\t\t\t<\/div>\n\t\t\t\t<\/div>\n\t\t\t\t<div class=\"elementor-element elementor-element-7204624 elementor-widget elementor-widget-text-editor\" data-id=\"7204624\" data-element_type=\"widget\" data-widget_type=\"text-editor.default\">\n\t\t\t\t<div class=\"elementor-widget-container\">\n\t\t\t\t\t\t\t\t\t<p>Pi\u00f9 visibilit\u00e0. Pi\u00f9 collaborazioni. Pi\u00f9 opportunit\u00e0. <br \/>Scegli il tuo percorso e unisciti a noi nel nostro viaggio!<\/p>\t\t\t\t\t\t\t\t<\/div>\n\t\t\t\t<\/div>\n\t\t\t\t\t<\/div>\n\t\t<\/div>\n\t\t\t\t\t<\/div>\n\t\t<\/section>\n\t\t\t\t<section class=\"elementor-section elementor-top-section elementor-element elementor-element-a3175a2 elementor-section-boxed elementor-section-gap-beside-yes elementor-section-height-default elementor-section-height-default elementor-section-column-vertical-align-stretch\" data-id=\"a3175a2\" data-element_type=\"section\">\n\t\t\t\t\t\t<div class=\"elementor-container elementor-column-gap-extended\">\n\t\t\t\t\t<div class=\"elementor-column elementor-col-100 elementor-top-column elementor-element elementor-element-278b25a\" data-id=\"278b25a\" data-element_type=\"column\">\n\t\t\t<div class=\"elementor-widget-wrap elementor-element-populated\">\n\t\t\t\t\t\t<div class=\"elementor-element elementor-element-8ab21c1 elementor-widget elementor-widget-spacer\" data-id=\"8ab21c1\" data-element_type=\"widget\" data-widget_type=\"spacer.default\">\n\t\t\t\t<div class=\"elementor-widget-container\">\n\t\t\t\t\t\t\t<div class=\"elementor-spacer\">\n\t\t\t<div class=\"elementor-spacer-inner\"><\/div>\n\t\t<\/div>\n\t\t\t\t\t\t<\/div>\n\t\t\t\t<\/div>\n\t\t\t\t\t<\/div>\n\t\t<\/div>\n\t\t\t\t\t<\/div>\n\t\t<\/section>\n\t\t\t\t<section class=\"elementor-section elementor-top-section elementor-element elementor-element-1ee92e5 elementor-section-boxed elementor-section-gap-beside-yes elementor-section-height-default elementor-section-height-default elementor-section-column-vertical-align-stretch\" data-id=\"1ee92e5\" data-element_type=\"section\">\n\t\t\t\t\t\t<div class=\"elementor-container elementor-column-gap-extended\">\n\t\t\t\t\t<div class=\"elementor-column elementor-col-100 elementor-top-column elementor-element elementor-element-5735850\" data-id=\"5735850\" data-element_type=\"column\">\n\t\t\t<div class=\"elementor-widget-wrap elementor-element-populated\">\n\t\t\t\t\t\t<div class=\"elementor-element elementor-element-563b2ea elementor-widget elementor-widget-heading\" data-id=\"563b2ea\" data-element_type=\"widget\" data-widget_type=\"heading.default\">\n\t\t\t\t<div class=\"elementor-widget-container\">\n\t\t\t\t\t<h3 class=\"elementor-heading-title elementor-size-default\">Non tutti gli influencer sono uguali, e questa \u00e8 una cosa positiva.<\/h3>\t\t\t\t<\/div>\n\t\t\t\t<\/div>\n\t\t\t\t<div class=\"elementor-element elementor-element-8a67714 elementor-widget elementor-widget-text-editor\" data-id=\"8a67714\" data-element_type=\"widget\" data-widget_type=\"text-editor.default\">\n\t\t\t\t<div class=\"elementor-widget-container\">\n\t\t\t\t\t\t\t\t\t<p style=\"text-align: left;\">La Influencer City Guide \u00e8 composta da tre livelli che corrispondono alla tua crescita, alla tua esperienza e al tuo impegno.<br \/>Il nostro obiettivo: collaborazioni eque, mirate e professionali, da cui tutti traggono vantaggio.<br \/><br \/><strong>Pi\u00f9 sei attivo e professionale, pi\u00f9 vantaggi ti aspettano:<br \/><\/strong>\u2705 Accesso a offerte di alta qualit\u00e0 (ad esempio viaggi, hotel, prodotti esclusivi)<span style=\"color: #000000;\"><span style=\"font-family: webkit-standard;\"><span style=\"font-size: large;\"><br \/><\/span><\/span><\/span>\u2705 Maggiore visibilit\u00e0 attraverso funzionalit\u00e0 e campagne<br \/>\u2705 Maggiori possibilit\u00e0 di collaborazione attraverso la fiducia con i partner<br \/><br \/>Ogni livello apre nuove porte: a livello locale, nazionale e internazionale.<br \/><strong>Diventa visibile. Diventa protagonista. Diventa Premium.<\/strong><\/p>\t\t\t\t\t\t\t\t<\/div>\n\t\t\t\t<\/div>\n\t\t\t\t\t<\/div>\n\t\t<\/div>\n\t\t\t\t\t<\/div>\n\t\t<\/section>\n\t\t\t\t<section class=\"elementor-section elementor-top-section elementor-element elementor-element-eaeb85a elementor-section-boxed elementor-section-gap-beside-yes elementor-section-height-default elementor-section-height-default elementor-section-column-vertical-align-stretch\" data-id=\"eaeb85a\" data-element_type=\"section\">\n\t\t\t\t\t\t<div class=\"elementor-container elementor-column-gap-extended\">\n\t\t\t\t\t<div class=\"elementor-column elementor-col-100 elementor-top-column elementor-element elementor-element-98a52bc\" data-id=\"98a52bc\" data-element_type=\"column\">\n\t\t\t<div class=\"elementor-widget-wrap elementor-element-populated\">\n\t\t\t\t\t\t<div class=\"elementor-element elementor-element-e49e674 elementor-widget elementor-widget-golo-gradation\" data-id=\"e49e674\" data-element_type=\"widget\" data-widget_type=\"golo-gradation.default\">\n\t\t\t\t<div class=\"elementor-widget-container\">\n\t\t\t\t\t\t\t<div class=\"golo-gradation\">\n\t\t\t\t\t\t\t\t<div class=\"item\">\n\n\t\t\t\t\t\t<div class=\"count-wrap\">\n\t\t\t\t\t\t\t<div class=\"count\">1<\/div>\n\t\t\t\t\t\t<\/div>\n\t\t\t\t\t\t<div class=\"line\"><\/div>\n\n\t\t\t\t\t\t<div class=\"content-wrap\">\n\t\t\t\t\t\t\t\t\t\t\t\t\t\t\t<h5 class=\"title\">\ud83d\udfe2\u202fBASIC INFLUENCER<\/h5>\n\t\t\t\t\t\t\t\n\t\t\t\t\t\t\t\t\t\t\t\t\t\t\t<div class=\"description\">Il tuo punto di partenza nella Guida Influencer City. Registrati gratuitamente, scopri luoghi interessanti e candidati per offerte visibili al pubblico nella tua citt\u00e0 o in altre citt\u00e0.<\/div>\n\t\t\t\t\t\t\t\t\t\t\t\t\t<\/div>\n\t\t\t\t\t<\/div>\n\t\t\t\t\t\t\t\t\t\t<div class=\"item\">\n\n\t\t\t\t\t\t<div class=\"count-wrap\">\n\t\t\t\t\t\t\t<div class=\"count\">2<\/div>\n\t\t\t\t\t\t<\/div>\n\t\t\t\t\t\t<div class=\"line\"><\/div>\n\n\t\t\t\t\t\t<div class=\"content-wrap\">\n\t\t\t\t\t\t\t\t\t\t\t\t\t\t\t<h5 class=\"title\">\ud83d\udfe3 SPOTLIGHT INFLUENCER<\/h5>\n\t\t\t\t\t\t\t\n\t\t\t\t\t\t\t\t\t\t\t\t\t\t\t<div class=\"description\">Tu dimostri iniziativa, noi ti rendiamo visibile. Come Influencer Spotlight, ti distinguerai nettamente, sarai presente sui nostri canali e avrai accesso a campagne pi\u00f9 esclusive e offerte dei partner.<\/div>\n\t\t\t\t\t\t\t\t\t\t\t\t\t<\/div>\n\t\t\t\t\t<\/div>\n\t\t\t\t\t\t\t\t\t\t<div class=\"item\">\n\n\t\t\t\t\t\t<div class=\"count-wrap\">\n\t\t\t\t\t\t\t<div class=\"count\">3<\/div>\n\t\t\t\t\t\t<\/div>\n\t\t\t\t\t\t<div class=\"line\"><\/div>\n\n\t\t\t\t\t\t<div class=\"content-wrap\">\n\t\t\t\t\t\t\t\t\t\t\t\t\t\t\t<h5 class=\"title\">\u202f\ud83d\udfe1 PREMIUM INFLUENCER<\/h5>\n\t\t\t\t\t\t\t\n\t\t\t\t\t\t\t\t\t\t\t\t\t\t\t<div class=\"description\">Riceverai opportunit\u00e0 esclusive dai nostri partner premium, da collaborazioni di alta qualit\u00e0 a viaggi internazionali. Riceverai supporto personalizzato e matching strategico. Per contenuti di qualit\u00e0, portata e valore esperienziale.<\/div>\n\t\t\t\t\t\t\t\t\t\t\t\t\t<\/div>\n\t\t\t\t\t<\/div>\n\t\t\t\t\t\t\t<\/div>\n\t\t\t\t\t\t<\/div>\n\t\t\t\t<\/div>\n\t\t\t\t<div class=\"elementor-element elementor-element-4b10aba elementor-widget elementor-widget-spacer\" data-id=\"4b10aba\" data-element_type=\"widget\" data-widget_type=\"spacer.default\">\n\t\t\t\t<div class=\"elementor-widget-container\">\n\t\t\t\t\t\t\t<div class=\"elementor-spacer\">\n\t\t\t<div class=\"elementor-spacer-inner\"><\/div>\n\t\t<\/div>\n\t\t\t\t\t\t<\/div>\n\t\t\t\t<\/div>\n\t\t\t\t\t<\/div>\n\t\t<\/div>\n\t\t\t\t\t<\/div>\n\t\t<\/section>\n\t\t\t\t<section class=\"elementor-section elementor-top-section elementor-element elementor-element-fca1d34 elementor-section-boxed elementor-section-gap-beside-yes elementor-section-height-default elementor-section-height-default elementor-section-column-vertical-align-stretch\" data-id=\"fca1d34\" data-element_type=\"section\">\n\t\t\t\t\t\t<div class=\"elementor-container elementor-column-gap-extended\">\n\t\t\t\t\t<div class=\"elementor-column elementor-col-100 elementor-top-column elementor-element elementor-element-b506555\" data-id=\"b506555\" data-element_type=\"column\">\n\t\t\t<div class=\"elementor-widget-wrap elementor-element-populated\">\n\t\t\t\t\t\t<div class=\"elementor-element elementor-element-015195c elementor-widget elementor-widget-heading\" data-id=\"015195c\" data-element_type=\"widget\" data-widget_type=\"heading.default\">\n\t\t\t\t<div class=\"elementor-widget-container\">\n\t\t\t\t\t<h3 class=\"elementor-heading-title elementor-size-default\">\ud83d\udfe2 BASIC INFLUENCER<\/h3>\t\t\t\t<\/div>\n\t\t\t\t<\/div>\n\t\t\t\t<div class=\"elementor-element elementor-element-ec439a1 elementor-widget elementor-widget-text-editor\" data-id=\"ec439a1\" data-element_type=\"widget\" data-widget_type=\"text-editor.default\">\n\t\t\t\t<div class=\"elementor-widget-container\">\n\t\t\t\t\t\t\t\t\t<p style=\"text-align: left;\"><strong>Il tuo punto di partenza. Le tue prime collaborazioni. Il tuo inizio come creatore.<br \/><\/strong>In qualit\u00e0 di Basic Influencer, puoi utilizzare attivamente la piattaforma, candidarti per offerte e iniziare a costruire le tue prime collaborazioni a livello locale, nazionale o internazionale.<br \/><br \/><strong>Requisiti:<\/strong><br \/>\u2705 Account gratuito con Influencer City Guide<br \/>\u2705 Profilo pubblico Instagram o TikTok (nessun numero minimo di follower)<br \/>\u2705 Informazioni di base inserite nel tuo profilo<br \/><br \/><strong>Cosa puoi aspettarti:<\/strong><br \/>\ud83d\udccd Accesso alle offerte generali (ad esempio bar, ristoranti, eventi)<br \/>\ud83d\udcdd Candidatura per collaborazioni visibili al pubblico \u2013 nazionali e internazionali<br \/>\ud83d\uddfa\ufe0f Primi passi come creatore sulla piattaforma<\/p>\t\t\t\t\t\t\t\t<\/div>\n\t\t\t\t<\/div>\n\t\t\t\t<div class=\"elementor-element elementor-element-f65dab6 elementor-widget-divider--view-line elementor-widget elementor-widget-divider\" data-id=\"f65dab6\" data-element_type=\"widget\" data-widget_type=\"divider.default\">\n\t\t\t\t<div class=\"elementor-widget-container\">\n\t\t\t\t\t\t\t<div class=\"elementor-divider\">\n\t\t\t<span class=\"elementor-divider-separator\">\n\t\t\t\t\t\t<\/span>\n\t\t<\/div>\n\t\t\t\t\t\t<\/div>\n\t\t\t\t<\/div>\n\t\t\t\t\t<\/div>\n\t\t<\/div>\n\t\t\t\t\t<\/div>\n\t\t<\/section>\n\t\t\t\t<section class=\"elementor-section elementor-top-section elementor-element elementor-element-709c360 elementor-section-boxed elementor-section-gap-beside-yes elementor-section-height-default elementor-section-height-default elementor-section-column-vertical-align-stretch\" data-id=\"709c360\" data-element_type=\"section\">\n\t\t\t\t\t\t<div class=\"elementor-container elementor-column-gap-extended\">\n\t\t\t\t\t<div class=\"elementor-column elementor-col-100 elementor-top-column elementor-element elementor-element-58542b1\" data-id=\"58542b1\" data-element_type=\"column\">\n\t\t\t<div class=\"elementor-widget-wrap elementor-element-populated\">\n\t\t\t\t\t\t<div class=\"elementor-element elementor-element-da1eedc elementor-widget elementor-widget-heading\" data-id=\"da1eedc\" data-element_type=\"widget\" data-widget_type=\"heading.default\">\n\t\t\t\t<div class=\"elementor-widget-container\">\n\t\t\t\t\t<h3 class=\"elementor-heading-title elementor-size-default\">\ud83d\udfe3 SPOTLIGHT INFLUENCER<\/h3>\t\t\t\t<\/div>\n\t\t\t\t<\/div>\n\t\t\t\t<div class=\"elementor-element elementor-element-fe69cc0 elementor-widget elementor-widget-text-editor\" data-id=\"fe69cc0\" data-element_type=\"widget\" data-widget_type=\"text-editor.default\">\n\t\t\t\t<div class=\"elementor-widget-container\">\n\t\t\t\t\t\t\t\t\t<p style=\"text-align: left;\"><strong>Il tuo upgrade. La tua visibilit\u00e0. Il tuo livello successivo.<br \/><\/strong>In qualit\u00e0 di Spotlight Influencer, sarai attivo sulla piattaforma, producendo contenuti di alta qualit\u00e0 per i partner e, in cambio, riceverai campagne esclusive e offerte speciali.<br \/>Presentiamo i tuoi contenuti sui nostri canali social e creiamo un collegamento diretto al tuo profilo.<br \/><br \/><strong>Requisiti:<br \/><\/strong>\u2705 Soddisfazione di tutti i criteri di livello base<br \/>\u2705 Produzione di contenuti attivi su Instagram o TikTok<br \/>\u2705 Qualificati con il tuo video UGC (Level Boost)<br \/>\u00a0 \u00a0 <strong>O<\/strong> almeno 10 post pubblicati per i partner (ultimi 12 mesi)<br \/>\u2705 Qualit\u00e0 dei contenuti convincente e aspetto professionale<br \/><br \/><strong>Cosa puoi aspettarti:<\/strong><br \/>\ud83c\udfaf Accesso a campagne selezionate e offerte dei partner<br \/>\ud83d\udfe3 Icona Spotlight sul tuo profilo: visibile ai partner<br \/>\ud83d\udcf1 Presenta i tuoi contenuti sui nostri canali social<br \/>\ud83d\ude80 Copertura facoltativa tramite annunci a pagamento, incluso il collegamento al profilo<br \/>\ud83e\udd1d Supporto tramite briefing e idee di contenuto secondo necessit\u00e0<\/p>\t\t\t\t\t\t\t\t<\/div>\n\t\t\t\t<\/div>\n\t\t\t\t<div class=\"elementor-element elementor-element-2c3729d elementor-widget-divider--view-line elementor-widget elementor-widget-divider\" data-id=\"2c3729d\" data-element_type=\"widget\" data-widget_type=\"divider.default\">\n\t\t\t\t<div class=\"elementor-widget-container\">\n\t\t\t\t\t\t\t<div class=\"elementor-divider\">\n\t\t\t<span class=\"elementor-divider-separator\">\n\t\t\t\t\t\t<\/span>\n\t\t<\/div>\n\t\t\t\t\t\t<\/div>\n\t\t\t\t<\/div>\n\t\t\t\t\t<\/div>\n\t\t<\/div>\n\t\t\t\t\t<\/div>\n\t\t<\/section>\n\t\t\t\t<section class=\"elementor-section elementor-top-section elementor-element elementor-element-c521aec elementor-section-boxed elementor-section-gap-beside-yes elementor-section-height-default elementor-section-height-default elementor-section-column-vertical-align-stretch\" data-id=\"c521aec\" data-element_type=\"section\">\n\t\t\t\t\t\t<div class=\"elementor-container elementor-column-gap-extended\">\n\t\t\t\t\t<div class=\"elementor-column elementor-col-100 elementor-top-column elementor-element elementor-element-576fa83\" data-id=\"576fa83\" data-element_type=\"column\">\n\t\t\t<div class=\"elementor-widget-wrap elementor-element-populated\">\n\t\t\t\t\t\t<div class=\"elementor-element elementor-element-a23d7f3 elementor-widget elementor-widget-heading\" data-id=\"a23d7f3\" data-element_type=\"widget\" data-widget_type=\"heading.default\">\n\t\t\t\t<div class=\"elementor-widget-container\">\n\t\t\t\t\t<h3 class=\"elementor-heading-title elementor-size-default\">\ud83d\udfe1 PREMIUM INFLUENCER<\/h3>\t\t\t\t<\/div>\n\t\t\t\t<\/div>\n\t\t\t\t<div class=\"elementor-element elementor-element-07c9bf0 elementor-widget elementor-widget-text-editor\" data-id=\"07c9bf0\" data-element_type=\"widget\" data-widget_type=\"text-editor.default\">\n\t\t\t\t<div class=\"elementor-widget-container\">\n\t\t\t\t\t\t\t\t\t<p style=\"text-align: left;\"><strong>Partner esclusivi. Collaborazioni di alta qualit\u00e0. Supporto personalizzato.<br \/><\/strong>In qualit\u00e0 di Influencer Premium, sarai tra i migliori creatori nella Guida Influencer City. <br \/>Avrai accesso a offerte di prima classe, dai viaggi internazionali ai marchi esclusivi, e lavorerai a stretto contatto con il nostro team. <br \/>I tuoi contenuti raggiungeranno la massima portata e offriranno un valore autentico.<br \/><br \/><strong>Requisiti:<br \/><\/strong>\u2705 Soddisfazione di tutti i criteri del livello Spotlight<br \/>\u2705 Almeno 20 post pubblicati per i partner (ultimi 12 mesi)<br \/>\u2705 Impegno superiore alla media e alta qualit\u00e0 dei contenuti<br \/>\u2705 Collaborazione professionale e affidabile comprovata<br \/><br \/><strong>Cosa puoi aspettarti:<br \/><\/strong>\u2708\ufe0f Accesso a offerte premium esclusive (ad esempio hotel, viaggi, marchi internazionali)<br \/>\ud83c\udfa5 Co-creazione di reel, campagne e viaggi dei creatori<br \/>\ud83d\udfe1 Icona Premium sul tuo profilo: visibile ai partner<br \/>\ud83d\udcf1 Presenta i tuoi contenuti sui nostri canali social<br \/>\ud83d\ude80 Copertura facoltativa tramite annunci a pagamento, incluso il collegamento al profilo<br \/>\ud83c\udf0d Tirocinio presso selezionati partner nazionali e internazionali<br \/>\ud83e\udd1d Supporto personale e abbinamento strategico dei creatori<\/p>\t\t\t\t\t\t\t\t<\/div>\n\t\t\t\t<\/div>\n\t\t\t\t\t<\/div>\n\t\t<\/div>\n\t\t\t\t\t<\/div>\n\t\t<\/section>\n\t\t\t\t<section class=\"elementor-section elementor-top-section elementor-element elementor-element-3ca6464 elementor-section-boxed elementor-section-gap-beside-yes elementor-section-height-default elementor-section-height-default elementor-section-column-vertical-align-stretch\" data-id=\"3ca6464\" data-element_type=\"section\">\n\t\t\t\t\t\t<div class=\"elementor-container elementor-column-gap-extended\">\n\t\t\t\t\t<div class=\"elementor-column elementor-col-100 elementor-top-column elementor-element elementor-element-62612ae\" data-id=\"62612ae\" data-element_type=\"column\">\n\t\t\t<div class=\"elementor-widget-wrap elementor-element-populated\">\n\t\t\t\t\t\t<div class=\"elementor-element elementor-element-787a003 elementor-widget-divider--view-line elementor-widget elementor-widget-divider\" data-id=\"787a003\" data-element_type=\"widget\" data-widget_type=\"divider.default\">\n\t\t\t\t<div class=\"elementor-widget-container\">\n\t\t\t\t\t\t\t<div class=\"elementor-divider\">\n\t\t\t<span class=\"elementor-divider-separator\">\n\t\t\t\t\t\t<\/span>\n\t\t<\/div>\n\t\t\t\t\t\t<\/div>\n\t\t\t\t<\/div>\n\t\t\t\t<div class=\"elementor-element elementor-element-4ddfe74 elementor-widget-divider--view-line elementor-widget elementor-widget-divider\" data-id=\"4ddfe74\" data-element_type=\"widget\" data-widget_type=\"divider.default\">\n\t\t\t\t<div class=\"elementor-widget-container\">\n\t\t\t\t\t\t\t<div class=\"elementor-divider\">\n\t\t\t<span class=\"elementor-divider-separator\">\n\t\t\t\t\t\t<\/span>\n\t\t<\/div>\n\t\t\t\t\t\t<\/div>\n\t\t\t\t<\/div>\n\t\t\t\t<div class=\"elementor-element elementor-element-40ec24a elementor-widget elementor-widget-heading\" data-id=\"40ec24a\" data-element_type=\"widget\" data-widget_type=\"heading.default\">\n\t\t\t\t<div class=\"elementor-widget-container\">\n\t\t\t\t\t<h3 class=\"elementor-heading-title elementor-size-default\">Come salire di livello:<\/h3>\t\t\t\t<\/div>\n\t\t\t\t<\/div>\n\t\t\t\t<div class=\"elementor-element elementor-element-e636040 elementor-widget elementor-widget-text-editor\" data-id=\"e636040\" data-element_type=\"widget\" data-widget_type=\"text-editor.default\">\n\t\t\t\t<div class=\"elementor-widget-container\">\n\t\t\t\t\t\t\t\t\t<ul><li style=\"text-align: left;\">Essere attivi nelle collaborazioni con i partner<\/li><li style=\"text-align: left;\">Pubblica contenuti autentici e di alta qualit\u00e0<\/li><li style=\"text-align: left;\">Facoltativo: video introduttivo UGC (aumento di livello) \u2013 incluso link<\/li><\/ul><p style=\"text-align: left;\"><strong>Cos\u00ec possiamo vederti:<\/strong><\/p><ul style=\"text-align: left;\"><li style=\"text-align: left;\">Usa l&#039;hashtag #IFCG<\/li><li style=\"text-align: left;\">Tagga @influencercityguide o invia contenuti tramite DM<\/li><\/ul><p style=\"text-align: left;\">Il nostro team esamina regolarmente i tuoi post e ti contatter\u00e0 non appena sarai approvato per il livello successivo.<\/p>\t\t\t\t\t\t\t\t<\/div>\n\t\t\t\t<\/div>\n\t\t\t\t\t<\/div>\n\t\t<\/div>\n\t\t\t\t\t<\/div>\n\t\t<\/section>\n\t\t\t\t<section class=\"elementor-section elementor-top-section elementor-element elementor-element-850dff6 elementor-section-boxed elementor-section-gap-beside-yes elementor-section-height-default elementor-section-height-default elementor-section-column-vertical-align-stretch\" data-id=\"850dff6\" data-element_type=\"section\">\n\t\t\t\t\t\t<div class=\"elementor-container elementor-column-gap-extended\">\n\t\t\t\t\t<div class=\"elementor-column elementor-col-100 elementor-top-column elementor-element elementor-element-3d43cf4\" data-id=\"3d43cf4\" data-element_type=\"column\">\n\t\t\t<div class=\"elementor-widget-wrap elementor-element-populated\">\n\t\t\t\t\t\t<div class=\"elementor-element elementor-element-3078d65 elementor-cta--skin-classic elementor-animated-content elementor-bg-transform elementor-bg-transform-zoom-in elementor-widget elementor-widget-call-to-action\" data-id=\"3078d65\" data-element_type=\"widget\" data-widget_type=\"call-to-action.default\">\n\t\t\t\t<div class=\"elementor-widget-container\">\n\t\t\t\t\t\t\t<div class=\"elementor-cta\">\n\t\t\t\t\t\t\t<div class=\"elementor-cta__content\">\n\t\t\t\t\n\t\t\t\t<h2 class=\"elementor-cta__title elementor-cta__content-item elementor-content-item\">\ud83d\ude80 Level Boost: diventa un influencer in primo piano<\/h2>\n\t\t\t\t\t\t\t\t\t<div class=\"elementor-cta__description elementor-cta__content-item elementor-content-item\">\n\t\t\t\t\t\tCarica il tuo video UGC, tagga @influencercityguide e ottieni maggiore visibilit\u00e0 e campagne esclusive.<br>\ud83d\udc49 Pi\u00f9 portata. Pi\u00f9 prestigio. Pi\u00f9 opportunit\u00e0.\t\t\t\t\t<\/div>\n\t\t\t\t\n\t\t\t\t\t\t\t\t\t<div class=\"elementor-cta__button-wrapper elementor-cta__content-item elementor-content-item\">\n\t\t\t\t\t<a class=\"elementor-cta__button elementor-button elementor-size-sm\" href=\"https:\/\/www.influencer-city-guide.net\/it-it\/aumento-di-livello\/\">\n\t\t\t\t\t\tInizia subito il tuo aggiornamento\t\t\t\t\t<\/a>\n\t\t\t\t\t<\/div>\n\t\t\t\t\t\t\t<\/div>\n\t\t\t\t\t\t<\/div>\n\t\t\t\t\t\t<\/div>\n\t\t\t\t<\/div>\n\t\t\t\t\t<\/div>\n\t\t<\/div>\n\t\t\t\t\t<\/div>\n\t\t<\/section>\n\t\t\t\t<section class=\"elementor-section elementor-top-section elementor-element elementor-element-8589cc2 elementor-section-boxed elementor-section-gap-beside-yes elementor-section-height-default elementor-section-height-default elementor-section-column-vertical-align-stretch\" data-id=\"8589cc2\" data-element_type=\"section\">\n\t\t\t\t\t\t<div class=\"elementor-container elementor-column-gap-extended\">\n\t\t\t\t\t<div class=\"elementor-column elementor-col-100 elementor-top-column elementor-element elementor-element-d919b3d\" data-id=\"d919b3d\" data-element_type=\"column\">\n\t\t\t<div class=\"elementor-widget-wrap elementor-element-populated\">\n\t\t\t\t\t\t<div class=\"elementor-element elementor-element-aaf2500 elementor-widget-divider--view-line elementor-widget elementor-widget-divider\" data-id=\"aaf2500\" data-element_type=\"widget\" data-widget_type=\"divider.default\">\n\t\t\t\t<div class=\"elementor-widget-container\">\n\t\t\t\t\t\t\t<div class=\"elementor-divider\">\n\t\t\t<span class=\"elementor-divider-separator\">\n\t\t\t\t\t\t<\/span>\n\t\t<\/div>\n\t\t\t\t\t\t<\/div>\n\t\t\t\t<\/div>\n\t\t\t\t<div class=\"elementor-element elementor-element-6dc78e9 elementor-widget elementor-widget-heading\" data-id=\"6dc78e9\" data-element_type=\"widget\" data-widget_type=\"heading.default\">\n\t\t\t\t<div class=\"elementor-widget-container\">\n\t\t\t\t\t<h3 class=\"elementor-heading-title elementor-size-default\">Sei un creatore esperto?<\/h3>\t\t\t\t<\/div>\n\t\t\t\t<\/div>\n\t\t\t\t<div class=\"elementor-element elementor-element-58bbe27 elementor-widget elementor-widget-text-editor\" data-id=\"58bbe27\" data-element_type=\"widget\" data-widget_type=\"text-editor.default\">\n\t\t\t\t<div class=\"elementor-widget-container\">\n\t\t\t\t\t\t\t\t\t<p style=\"text-align: left;\"><strong>Allora candidati subito per raggiungere il livello successivo nella Influencer City Guide!<br \/><br \/><\/strong>Inviaci il tuo media kit o il link del tuo profilo e mostraci cosa sai fare.<strong><br \/><\/strong>Che si tratti di Spotlight o Premium: ci aspettiamo creatori validi con contenuti autentici, impegno e qualit\u00e0.<br \/><br \/><strong><a href=\"mailto: influencer@influencer-city-guide.net\"><img decoding=\"async\" class=\"emoji\" role=\"img\" draggable=\"false\" src=\"https:\/\/s.w.org\/images\/core\/emoji\/17.0.2\/svg\/1f449.svg\" alt=\"\ud83d\udc49\" \/>Candidati ora e avanza di livello.<\/a> <br \/><br \/><\/strong>Cresciamo insieme: a livello locale, in modo creativo e con un impatto reale.<\/p>\t\t\t\t\t\t\t\t<\/div>\n\t\t\t\t<\/div>\n\t\t\t\t\t<\/div>\n\t\t<\/div>\n\t\t\t\t\t<\/div>\n\t\t<\/section>\n\t\t\t\t<\/div>","protected":false},"excerpt":{"rendered":"<p>Influencer Levels More visibility. More collaborations. More opportunities. Choose your path \u2013 and join us on our journey! Not all influencers are the same \u2013 and that&#8217;s a good thing. The Influencer City Guide has three levels that match your growth, experience and commitment.Our goal: fair, targeted and professional collaborations \u2013 from which everyone benefits. [&hellip;]<\/p>\n","protected":false},"author":1,"featured_media":0,"parent":0,"menu_order":0,"comment_status":"closed","ping_status":"closed","template":"","meta":{"_acf_changed":false,"footnotes":""},"class_list":["post-22164","page","type-page","status-publish","hentry"],"acf":[],"jetpack_sharing_enabled":true,"_links":{"self":[{"href":"https:\/\/www.influencer-city-guide.net\/it-it\/wp-json\/wp\/v2\/pages\/22164","targetHints":{"allow":["GET"]}}],"collection":[{"href":"https:\/\/www.influencer-city-guide.net\/it-it\/wp-json\/wp\/v2\/pages"}],"about":[{"href":"https:\/\/www.influencer-city-guide.net\/it-it\/wp-json\/wp\/v2\/types\/page"}],"author":[{"embeddable":true,"href":"https:\/\/www.influencer-city-guide.net\/it-it\/wp-json\/wp\/v2\/users\/1"}],"replies":[{"embeddable":true,"href":"https:\/\/www.influencer-city-guide.net\/it-it\/wp-json\/wp\/v2\/comments?post=22164"}],"version-history":[{"count":629,"href":"https:\/\/www.influencer-city-guide.net\/it-it\/wp-json\/wp\/v2\/pages\/22164\/revisions"}],"predecessor-version":[{"id":24928,"href":"https:\/\/www.influencer-city-guide.net\/it-it\/wp-json\/wp\/v2\/pages\/22164\/revisions\/24928"}],"wp:attachment":[{"href":"https:\/\/www.influencer-city-guide.net\/it-it\/wp-json\/wp\/v2\/media?parent=22164"}],"curies":[{"name":"wp","href":"https:\/\/api.w.org\/{rel}","templated":true}]}}