{"id":14338,"date":"2024-02-22T22:55:50","date_gmt":"2024-02-22T21:55:50","guid":{"rendered":"https:\/\/www.influencer-city-guide.net\/?page_id=14338"},"modified":"2025-04-05T10:27:23","modified_gmt":"2025-04-05T08:27:23","slug":"cose-la-guida-della-citta-influencer","status":"publish","type":"page","link":"https:\/\/www.influencer-city-guide.net\/it-it\/cose-la-guida-della-citta-influencer\/","title":{"rendered":"CHE COS'\u00c8 L'INFLUENCER CITY GUIDE?"},"content":{"rendered":"<p style=\"font-size:18px\"><strong>Influencer City Guide \u2013 La piattaforma per raggiungere e collaborare<\/strong> \ud83d\ude80<br><strong>Connettiamo influencer e aziende locali per esperienze indimenticabili.<\/strong><\/p>\n\n\n\n<p>Vorresti scoprire collaborazioni entusiasmanti come influencer o lavorare con menti creative come azienda? L&#039;Influencer City Guide rende tutto pi\u00f9 semplice ed efficiente!<\/p>\n\n\n\n<p>La nostra piattaforma collega le attivit\u00e0 commerciali locali, dai ristoranti e hotel ai musei e rivenditori, con influencer di vari settori e fasce d&#039;et\u00e0. Il risultato?<br><strong>Maggiore visibilit\u00e0 per le aziende: vantaggi esclusivi per gli influencer!<\/strong><\/p>\n\n\n\n<p><strong>Come funziona:<\/strong><br>\ud83d\udccc <strong>Aziende<\/strong> creare collaborazioni, ad esempio ingressi gratuiti, buoni pasto o prodotti<br>\ud83d\udccc <strong>Influencer <\/strong>candidarsi per offerte idonee e pubblicare contenuti di alta qualit\u00e0<br>\ud83d\udccc <strong>Aziende<\/strong> decidere con chi vogliono lavorare<br>\ud83d\udccc <strong>Situazione win-win:<\/strong> Le aziende beneficiano di una maggiore portata, gli influencer di esperienze uniche<\/p>\n\n\n\n<p><strong>Collaborazione semplice, impatto massimo<\/strong><br>Gli influencer mettono in mostra le aziende, attraverso le storie di Instagram, i video di TikTok o i post.<br>Le aziende mantengono sempre il controllo totale e selezionano gli influencer giusti.<\/p>\n\n\n\n<p><strong>Perch\u00e9 Influencer City Guide?<\/strong><br>\u2705 Collaborazioni rapide e semplici per aziende e influencer<br>\u2705 Maggiore portata e visibilit\u00e0 attraverso una narrazione autentica<br>\u2705 Flessibilit\u00e0: le aziende decidono individualmente con chi vogliono lavorare<br>\u2705 Esperienze vere, consigli veri<\/p>\n\n\n\n<p><strong>Diventa subito parte della community!<\/strong><br>\ud83d\udd39 Influencer: registrati subito e scopri collaborazioni esclusive!<br>\ud83d\udd39 Aziende: crea la tua prima offerta e conquista nuovi clienti!<br>\ud83d\udc49 Inizia subito e assicurati i vantaggi!<\/p>\n\n\n\n<p><strong>Saperne di pi\u00f9:<\/strong><br>\ud83d\udd17 <a href=\"https:\/\/www.influencer-city-guide.net\/it-it\/faq-influencer\/\">FAQ per gli influencer<\/a><br>\ud83d\udd17 <a href=\"https:\/\/www.influencer-city-guide.net\/it-it\/partner-delle-domande-frequenti\/\">FAQ per i partner<\/a><\/p>","protected":false},"excerpt":{"rendered":"<p>Influencer City Guide &#8211; The platform for reach &amp; collaborations \ud83d\ude80We connect influencers and local businesses for unforgettable experiences. Would you like to discover exciting collaborations as an influencer or work with creative minds as a company? The Influencer City Guide makes it easy and efficient! Our platform connects local businesses &#8211; from restaurants and [&hellip;]<\/p>\n","protected":false},"author":1,"featured_media":14404,"parent":0,"menu_order":0,"comment_status":"closed","ping_status":"closed","template":"","meta":{"_acf_changed":false,"footnotes":""},"class_list":["post-14338","page","type-page","status-publish","has-post-thumbnail","hentry"],"acf":[],"jetpack_sharing_enabled":true,"_links":{"self":[{"href":"https:\/\/www.influencer-city-guide.net\/it-it\/wp-json\/wp\/v2\/pages\/14338","targetHints":{"allow":["GET"]}}],"collection":[{"href":"https:\/\/www.influencer-city-guide.net\/it-it\/wp-json\/wp\/v2\/pages"}],"about":[{"href":"https:\/\/www.influencer-city-guide.net\/it-it\/wp-json\/wp\/v2\/types\/page"}],"author":[{"embeddable":true,"href":"https:\/\/www.influencer-city-guide.net\/it-it\/wp-json\/wp\/v2\/users\/1"}],"replies":[{"embeddable":true,"href":"https:\/\/www.influencer-city-guide.net\/it-it\/wp-json\/wp\/v2\/comments?post=14338"}],"version-history":[{"count":57,"href":"https:\/\/www.influencer-city-guide.net\/it-it\/wp-json\/wp\/v2\/pages\/14338\/revisions"}],"predecessor-version":[{"id":20802,"href":"https:\/\/www.influencer-city-guide.net\/it-it\/wp-json\/wp\/v2\/pages\/14338\/revisions\/20802"}],"wp:featuredmedia":[{"embeddable":true,"href":"https:\/\/www.influencer-city-guide.net\/it-it\/wp-json\/wp\/v2\/media\/14404"}],"wp:attachment":[{"href":"https:\/\/www.influencer-city-guide.net\/it-it\/wp-json\/wp\/v2\/media?parent=14338"}],"curies":[{"name":"wp","href":"https:\/\/api.w.org\/{rel}","templated":true}]}}