{"id":22164,"date":"2025-08-02T12:03:22","date_gmt":"2025-08-02T10:03:22","guid":{"rendered":"https:\/\/www.influencer-city-guide.net\/?page_id=22164"},"modified":"2026-02-25T16:13:00","modified_gmt":"2026-02-25T15:13:00","slug":"influencer-ebenen","status":"publish","type":"page","link":"https:\/\/www.influencer-city-guide.net\/de-de\/influencer-ebenen\/","title":{"rendered":"Influencer Levels"},"content":{"rendered":"<div data-elementor-type=\"wp-page\" data-elementor-id=\"22164\" class=\"elementor elementor-22164\">\n\t\t\t\t\t\t<section class=\"elementor-section elementor-top-section elementor-element elementor-element-cb39800 elementor-section-stretched elementor-section-boxed elementor-section-gap-beside-yes elementor-section-height-default elementor-section-height-default elementor-section-column-vertical-align-stretch\" data-id=\"cb39800\" data-element_type=\"section\" data-settings=\"{&quot;stretch_section&quot;:&quot;section-stretched&quot;,&quot;background_background&quot;:&quot;classic&quot;}\">\n\t\t\t\t\t\t<div class=\"elementor-container elementor-column-gap-extended\">\n\t\t\t\t\t<div class=\"elementor-column elementor-col-100 elementor-top-column elementor-element elementor-element-c878572\" data-id=\"c878572\" data-element_type=\"column\">\n\t\t\t<div class=\"elementor-widget-wrap elementor-element-populated\">\n\t\t\t\t\t\t<div class=\"elementor-element elementor-element-9a11b33 elementor-widget elementor-widget-heading\" data-id=\"9a11b33\" data-element_type=\"widget\" data-widget_type=\"heading.default\">\n\t\t\t\t<div class=\"elementor-widget-container\">\n\t\t\t\t\t<h2 class=\"elementor-heading-title elementor-size-default\">Influencer Levels<\/h2>\t\t\t\t<\/div>\n\t\t\t\t<\/div>\n\t\t\t\t<div class=\"elementor-element elementor-element-7204624 elementor-widget elementor-widget-text-editor\" data-id=\"7204624\" data-element_type=\"widget\" data-widget_type=\"text-editor.default\">\n\t\t\t\t<div class=\"elementor-widget-container\">\n\t\t\t\t\t\t\t\t\t<p>Mehr Sichtbarkeit. Mehr Kooperationen. Mehr M\u00f6glichkeiten. <br \/>W\u00e4hle deinen Weg \u2013 und steig mit uns auf!<\/p>\t\t\t\t\t\t\t\t<\/div>\n\t\t\t\t<\/div>\n\t\t\t\t\t<\/div>\n\t\t<\/div>\n\t\t\t\t\t<\/div>\n\t\t<\/section>\n\t\t\t\t<section class=\"elementor-section elementor-top-section elementor-element elementor-element-a3175a2 elementor-section-boxed elementor-section-gap-beside-yes elementor-section-height-default elementor-section-height-default elementor-section-column-vertical-align-stretch\" data-id=\"a3175a2\" data-element_type=\"section\">\n\t\t\t\t\t\t<div class=\"elementor-container elementor-column-gap-extended\">\n\t\t\t\t\t<div class=\"elementor-column elementor-col-100 elementor-top-column elementor-element elementor-element-278b25a\" data-id=\"278b25a\" data-element_type=\"column\">\n\t\t\t<div class=\"elementor-widget-wrap elementor-element-populated\">\n\t\t\t\t\t\t<div class=\"elementor-element elementor-element-8ab21c1 elementor-widget elementor-widget-spacer\" data-id=\"8ab21c1\" data-element_type=\"widget\" data-widget_type=\"spacer.default\">\n\t\t\t\t<div class=\"elementor-widget-container\">\n\t\t\t\t\t\t\t<div class=\"elementor-spacer\">\n\t\t\t<div class=\"elementor-spacer-inner\"><\/div>\n\t\t<\/div>\n\t\t\t\t\t\t<\/div>\n\t\t\t\t<\/div>\n\t\t\t\t\t<\/div>\n\t\t<\/div>\n\t\t\t\t\t<\/div>\n\t\t<\/section>\n\t\t\t\t<section class=\"elementor-section elementor-top-section elementor-element elementor-element-1ee92e5 elementor-section-boxed elementor-section-gap-beside-yes elementor-section-height-default elementor-section-height-default elementor-section-column-vertical-align-stretch\" data-id=\"1ee92e5\" data-element_type=\"section\">\n\t\t\t\t\t\t<div class=\"elementor-container elementor-column-gap-extended\">\n\t\t\t\t\t<div class=\"elementor-column elementor-col-100 elementor-top-column elementor-element elementor-element-5735850\" data-id=\"5735850\" data-element_type=\"column\">\n\t\t\t<div class=\"elementor-widget-wrap elementor-element-populated\">\n\t\t\t\t\t\t<div class=\"elementor-element elementor-element-563b2ea elementor-widget elementor-widget-heading\" data-id=\"563b2ea\" data-element_type=\"widget\" data-widget_type=\"heading.default\">\n\t\t\t\t<div class=\"elementor-widget-container\">\n\t\t\t\t\t<h3 class=\"elementor-heading-title elementor-size-default\">Nicht alle Influencer sind gleich \u2013 und genau das ist gut so.<\/h3>\t\t\t\t<\/div>\n\t\t\t\t<\/div>\n\t\t\t\t<div class=\"elementor-element elementor-element-8a67714 elementor-widget elementor-widget-text-editor\" data-id=\"8a67714\" data-element_type=\"widget\" data-widget_type=\"text-editor.default\">\n\t\t\t\t<div class=\"elementor-widget-container\">\n\t\t\t\t\t\t\t\t\t<p style=\"text-align: left;\">Im Influencer City Guide gibt es drei Level, die zu deinem Wachstum, deiner Erfahrung und deinem Engagement passen.<br \/>Unser Ziel: faire, gezielte und professionelle Kooperationen \u2013 von denen alle profitieren.<br \/><br \/><strong>Je aktiver und professioneller du arbeitest, desto mehr Vorteile warten auf dich:<br \/><\/strong>\u2705 Zugang zu hochwertigen Angeboten (z.B. Reisen, Hotels, exklusive Produkte)<span style=\"color: #000000;\"><span style=\"font-family: webkit-standard;\"><span style=\"font-size: large;\"><br \/><\/span><\/span><\/span>\u2705 Mehr Sichtbarkeit durch Features &amp; Kampagnen<br \/>\u2705 H\u00f6here Chancen auf Kooperationen durch Vertrauen bei Partnern<br \/><br \/>Mit jedem Level \u00f6ffnen sich neue T\u00fcren \u2013 lokal, national und international.<br \/><strong>Werde sichtbar. Werde Spotlight. Werde Premium.<\/strong><\/p>\t\t\t\t\t\t\t\t<\/div>\n\t\t\t\t<\/div>\n\t\t\t\t\t<\/div>\n\t\t<\/div>\n\t\t\t\t\t<\/div>\n\t\t<\/section>\n\t\t\t\t<section class=\"elementor-section elementor-top-section elementor-element elementor-element-eaeb85a elementor-section-boxed elementor-section-gap-beside-yes elementor-section-height-default elementor-section-height-default elementor-section-column-vertical-align-stretch\" data-id=\"eaeb85a\" data-element_type=\"section\">\n\t\t\t\t\t\t<div class=\"elementor-container elementor-column-gap-extended\">\n\t\t\t\t\t<div class=\"elementor-column elementor-col-100 elementor-top-column elementor-element elementor-element-98a52bc\" data-id=\"98a52bc\" data-element_type=\"column\">\n\t\t\t<div class=\"elementor-widget-wrap elementor-element-populated\">\n\t\t\t\t\t\t<div class=\"elementor-element elementor-element-e49e674 elementor-widget elementor-widget-golo-gradation\" data-id=\"e49e674\" data-element_type=\"widget\" data-widget_type=\"golo-gradation.default\">\n\t\t\t\t<div class=\"elementor-widget-container\">\n\t\t\t\t\t\t\t<div class=\"golo-gradation\">\n\t\t\t\t\t\t\t\t<div class=\"item\">\n\n\t\t\t\t\t\t<div class=\"count-wrap\">\n\t\t\t\t\t\t\t<div class=\"count\">1<\/div>\n\t\t\t\t\t\t<\/div>\n\t\t\t\t\t\t<div class=\"line\"><\/div>\n\n\t\t\t\t\t\t<div class=\"content-wrap\">\n\t\t\t\t\t\t\t\t\t\t\t\t\t\t\t<h5 class=\"title\">\ud83d\udfe2 BASIC INFLUENCER<\/h5>\n\t\t\t\t\t\t\t\n\t\t\t\t\t\t\t\t\t\t\t\t\t\t\t<div class=\"description\">Dein Start im Influencer City Guide.\nRegistriere dich kostenlos, entdecke spannende Orte \u2013 und bewirb dich auf \u00f6ffentlich sichtbare Angebote in deiner oder anderen St\u00e4dten.<\/div>\n\t\t\t\t\t\t\t\t\t\t\t\t\t<\/div>\n\t\t\t\t\t<\/div>\n\t\t\t\t\t\t\t\t\t\t<div class=\"item\">\n\n\t\t\t\t\t\t<div class=\"count-wrap\">\n\t\t\t\t\t\t\t<div class=\"count\">2<\/div>\n\t\t\t\t\t\t<\/div>\n\t\t\t\t\t\t<div class=\"line\"><\/div>\n\n\t\t\t\t\t\t<div class=\"content-wrap\">\n\t\t\t\t\t\t\t\t\t\t\t\t\t\t\t<h5 class=\"title\">\ud83d\udfe3 SPOTLIGHT INFLUENCER<\/h5>\n\t\t\t\t\t\t\t\n\t\t\t\t\t\t\t\t\t\t\t\t\t\t\t<div class=\"description\">Du zeigst Initiative \u2013 wir machen dich sichtbar.\nAls Spotlight Influencer hebst du dich klar ab, wirst auf unseren Kan\u00e4len gefeatured und erh\u00e4ltst Zugang zu exklusiveren Kampagnen und Partner-Angeboten.<\/div>\n\t\t\t\t\t\t\t\t\t\t\t\t\t<\/div>\n\t\t\t\t\t<\/div>\n\t\t\t\t\t\t\t\t\t\t<div class=\"item\">\n\n\t\t\t\t\t\t<div class=\"count-wrap\">\n\t\t\t\t\t\t\t<div class=\"count\">3<\/div>\n\t\t\t\t\t\t<\/div>\n\t\t\t\t\t\t<div class=\"line\"><\/div>\n\n\t\t\t\t\t\t<div class=\"content-wrap\">\n\t\t\t\t\t\t\t\t\t\t\t\t\t\t\t<h5 class=\"title\">\u202f\ud83d\udfe1 PREMIUM INFLUENCER<\/h5>\n\t\t\t\t\t\t\t\n\t\t\t\t\t\t\t\t\t\t\t\t\t\t\t<div class=\"description\">Du erh\u00e4ltst exklusive M\u00f6glichkeiten bei unseren Premium-Partnern \u2013 von hochwertigen Kooperationen bis hin zu internationalen Reisen. Dabei wirst du individuell betreut und strategisch gematcht.\nF\u00fcr Content mit Qualit\u00e4t, Reichweite und Erlebniswert.<\/div>\n\t\t\t\t\t\t\t\t\t\t\t\t\t<\/div>\n\t\t\t\t\t<\/div>\n\t\t\t\t\t\t\t<\/div>\n\t\t\t\t\t\t<\/div>\n\t\t\t\t<\/div>\n\t\t\t\t<div class=\"elementor-element elementor-element-4b10aba elementor-widget elementor-widget-spacer\" data-id=\"4b10aba\" data-element_type=\"widget\" data-widget_type=\"spacer.default\">\n\t\t\t\t<div class=\"elementor-widget-container\">\n\t\t\t\t\t\t\t<div class=\"elementor-spacer\">\n\t\t\t<div class=\"elementor-spacer-inner\"><\/div>\n\t\t<\/div>\n\t\t\t\t\t\t<\/div>\n\t\t\t\t<\/div>\n\t\t\t\t\t<\/div>\n\t\t<\/div>\n\t\t\t\t\t<\/div>\n\t\t<\/section>\n\t\t\t\t<section class=\"elementor-section elementor-top-section elementor-element elementor-element-fca1d34 elementor-section-boxed elementor-section-gap-beside-yes elementor-section-height-default elementor-section-height-default elementor-section-column-vertical-align-stretch\" data-id=\"fca1d34\" data-element_type=\"section\">\n\t\t\t\t\t\t<div class=\"elementor-container elementor-column-gap-extended\">\n\t\t\t\t\t<div class=\"elementor-column elementor-col-100 elementor-top-column elementor-element elementor-element-b506555\" data-id=\"b506555\" data-element_type=\"column\">\n\t\t\t<div class=\"elementor-widget-wrap elementor-element-populated\">\n\t\t\t\t\t\t<div class=\"elementor-element elementor-element-015195c elementor-widget elementor-widget-heading\" data-id=\"015195c\" data-element_type=\"widget\" data-widget_type=\"heading.default\">\n\t\t\t\t<div class=\"elementor-widget-container\">\n\t\t\t\t\t<h3 class=\"elementor-heading-title elementor-size-default\">\ud83d\udfe2 BASIC INFLUENCER<\/h3>\t\t\t\t<\/div>\n\t\t\t\t<\/div>\n\t\t\t\t<div class=\"elementor-element elementor-element-ec439a1 elementor-widget elementor-widget-text-editor\" data-id=\"ec439a1\" data-element_type=\"widget\" data-widget_type=\"text-editor.default\">\n\t\t\t\t<div class=\"elementor-widget-container\">\n\t\t\t\t\t\t\t\t\t<p style=\"text-align: left;\"><strong>Dein Einstieg. Deine ersten Kooperationen. Dein Start als Creator.<br \/><\/strong>Als Basic Influencer kannst du die Plattform aktiv nutzen, dich auf Angebote bewerben und erste Kooperationen sammeln \u2013 lokal, national oder international.<br \/><br \/><strong>Voraussetzungen:<\/strong><br \/>\u2705 Kostenloses Konto beim Influencer City Guide<br \/>\u2705 \u00d6ffentliches Instagram- oder TikTok-Profil (keine Mindest-Followerzahl)<br \/>\u2705 Basisinformationen im Profil ausgef\u00fcllt<br \/><br \/><strong>Das erwartet dich:<\/strong><br \/>\ud83d\udccd Zugang zu allgemeinen Angeboten (z.B. Caf\u00e9s, Restaurants, Events)<br \/>\ud83d\udcdd Bewerbung auf \u00f6ffentlich sichtbare Kooperationen \u2013 national &amp; international<br \/>\ud83d\uddfa\ufe0f Erste Schritte als Creator auf der Plattform<\/p>\t\t\t\t\t\t\t\t<\/div>\n\t\t\t\t<\/div>\n\t\t\t\t<div class=\"elementor-element elementor-element-f65dab6 elementor-widget-divider--view-line elementor-widget elementor-widget-divider\" data-id=\"f65dab6\" data-element_type=\"widget\" data-widget_type=\"divider.default\">\n\t\t\t\t<div class=\"elementor-widget-container\">\n\t\t\t\t\t\t\t<div class=\"elementor-divider\">\n\t\t\t<span class=\"elementor-divider-separator\">\n\t\t\t\t\t\t<\/span>\n\t\t<\/div>\n\t\t\t\t\t\t<\/div>\n\t\t\t\t<\/div>\n\t\t\t\t\t<\/div>\n\t\t<\/div>\n\t\t\t\t\t<\/div>\n\t\t<\/section>\n\t\t\t\t<section class=\"elementor-section elementor-top-section elementor-element elementor-element-709c360 elementor-section-boxed elementor-section-gap-beside-yes elementor-section-height-default elementor-section-height-default elementor-section-column-vertical-align-stretch\" data-id=\"709c360\" data-element_type=\"section\">\n\t\t\t\t\t\t<div class=\"elementor-container elementor-column-gap-extended\">\n\t\t\t\t\t<div class=\"elementor-column elementor-col-100 elementor-top-column elementor-element elementor-element-58542b1\" data-id=\"58542b1\" data-element_type=\"column\">\n\t\t\t<div class=\"elementor-widget-wrap elementor-element-populated\">\n\t\t\t\t\t\t<div class=\"elementor-element elementor-element-da1eedc elementor-widget elementor-widget-heading\" data-id=\"da1eedc\" data-element_type=\"widget\" data-widget_type=\"heading.default\">\n\t\t\t\t<div class=\"elementor-widget-container\">\n\t\t\t\t\t<h3 class=\"elementor-heading-title elementor-size-default\">\ud83d\udfe3 SPOTLIGHT INFLUENCER<\/h3>\t\t\t\t<\/div>\n\t\t\t\t<\/div>\n\t\t\t\t<div class=\"elementor-element elementor-element-fe69cc0 elementor-widget elementor-widget-text-editor\" data-id=\"fe69cc0\" data-element_type=\"widget\" data-widget_type=\"text-editor.default\">\n\t\t\t\t<div class=\"elementor-widget-container\">\n\t\t\t\t\t\t\t\t\t<p style=\"text-align: left;\"><strong>Dein Upgrade. Deine Sichtbarkeit. Dein n\u00e4chstes Level.<br \/><\/strong>Als Spotlight Influencer bist du aktiv auf der Plattform, produzierst hochwertigen Content f\u00fcr Partner \u2013 und bekommst daf\u00fcr exklusive Kampagnen und besondere Angebote.<br \/>Deine Inhalte pr\u00e4sentieren wir auf unseren Social-Media-Kan\u00e4len und verlinken direkt auf dein Profil.<br \/><br \/><strong>Voraussetzungen:<br \/><\/strong>\u2705 Erf\u00fcllung aller Kriterien des Basic-Levels<br \/>\u2705 Aktive Content-Produktion auf Instagram oder TikTok<br \/>\u2705 Qualifiziert durch dein UGC-Video (Level Boost)<br \/>\u00a0 \u00a0 <strong>oder<\/strong> mindestens 10 ver\u00f6ffentlichte Beitr\u00e4ge f\u00fcr Partner (letzte 12 Monate)<br \/>\u2705 \u00dcberzeugende Content-Qualit\u00e4t &amp; professionelles Auftreten<br \/><br \/><strong>Das erwartet dich:<\/strong><br \/>\ud83c\udfaf Zugang zu ausgew\u00e4hlten Kampagnen &amp; Partnerangeboten<br \/>\ud83d\udfe3 Spotlight-Symbol auf deinem Profil \u2013 sichtbar f\u00fcr Partner<br \/>\ud83d\udcf1 Pr\u00e4sentation deiner Inhalte auf unseren Social-Media-Kan\u00e4len<br \/>\ud83d\ude80 Optionale Reichweite durch Paid Ads \u2013 inklusive Profil-Verlinkung<br \/>\ud83e\udd1d Unterst\u00fctzung durch Briefings &amp; Content-Ideen bei Bedarf<\/p>\t\t\t\t\t\t\t\t<\/div>\n\t\t\t\t<\/div>\n\t\t\t\t<div class=\"elementor-element elementor-element-2c3729d elementor-widget-divider--view-line elementor-widget elementor-widget-divider\" data-id=\"2c3729d\" data-element_type=\"widget\" data-widget_type=\"divider.default\">\n\t\t\t\t<div class=\"elementor-widget-container\">\n\t\t\t\t\t\t\t<div class=\"elementor-divider\">\n\t\t\t<span class=\"elementor-divider-separator\">\n\t\t\t\t\t\t<\/span>\n\t\t<\/div>\n\t\t\t\t\t\t<\/div>\n\t\t\t\t<\/div>\n\t\t\t\t\t<\/div>\n\t\t<\/div>\n\t\t\t\t\t<\/div>\n\t\t<\/section>\n\t\t\t\t<section class=\"elementor-section elementor-top-section elementor-element elementor-element-c521aec elementor-section-boxed elementor-section-gap-beside-yes elementor-section-height-default elementor-section-height-default elementor-section-column-vertical-align-stretch\" data-id=\"c521aec\" data-element_type=\"section\">\n\t\t\t\t\t\t<div class=\"elementor-container elementor-column-gap-extended\">\n\t\t\t\t\t<div class=\"elementor-column elementor-col-100 elementor-top-column elementor-element elementor-element-576fa83\" data-id=\"576fa83\" data-element_type=\"column\">\n\t\t\t<div class=\"elementor-widget-wrap elementor-element-populated\">\n\t\t\t\t\t\t<div class=\"elementor-element elementor-element-a23d7f3 elementor-widget elementor-widget-heading\" data-id=\"a23d7f3\" data-element_type=\"widget\" data-widget_type=\"heading.default\">\n\t\t\t\t<div class=\"elementor-widget-container\">\n\t\t\t\t\t<h3 class=\"elementor-heading-title elementor-size-default\">\ud83d\udfe1 PREMIUM INFLUENCER<\/h3>\t\t\t\t<\/div>\n\t\t\t\t<\/div>\n\t\t\t\t<div class=\"elementor-element elementor-element-07c9bf0 elementor-widget elementor-widget-text-editor\" data-id=\"07c9bf0\" data-element_type=\"widget\" data-widget_type=\"text-editor.default\">\n\t\t\t\t<div class=\"elementor-widget-container\">\n\t\t\t\t\t\t\t\t\t<p style=\"text-align: left;\"><strong>Exklusive Partner. Hochwertige Kooperationen. Pers\u00f6nliche Betreuung.<br \/><\/strong>Als Premium Influencer geh\u00f6rst du zu den Top-Creatorn im Influencer City Guide. <br \/>Du erh\u00e4ltst Zugang zu erstklassigen Angeboten \u2013 von internationalen Reisen bis hin zu exklusiven Marken \u2013 und arbeitest eng mit unserem Team zusammen. <br \/>Dein Content erreicht maximale Reichweite und bringt echten Erlebniswert.<br \/><br \/><strong>Voraussetzungen:<br \/><\/strong>\u2705 Erf\u00fcllung aller Kriterien des Spotlight-Levels<br \/>\u2705 Mindestens 20 ver\u00f6ffentlichte Beitr\u00e4ge f\u00fcr Partner (letzte 12 Monate)<br \/>\u2705 \u00dcberdurchschnittliches Engagement &amp; starke Content-Qualit\u00e4t<br \/>\u2705 Nachweislich professionelle &amp; verl\u00e4ssliche Zusammenarbeit<br \/><br \/><strong>Das erwartet dich:<br \/><\/strong>\u2708\ufe0f Zugang zu exklusiven Premium-Angeboten (z. B. Hotels, Reisen, internationale Marken)<br \/>\ud83c\udfa5 Co-Kreation von Reels, Kampagnen &amp; Creator Trips<br \/>\ud83d\udfe1 Premium-Symbol auf deinem Profil \u2013 sichtbar f\u00fcr Partner<br \/>\ud83d\udcf1 Pr\u00e4sentation deiner Inhalte auf unseren Social-Media-Kan\u00e4len<br \/>\ud83d\ude80 Optionale Reichweite durch Paid Ads \u2013 inklusive Profil-Verlinkung<br \/>\ud83c\udf0d Platzierung bei ausgew\u00e4hlten nationalen &amp; internationalen Partnern<br \/>\ud83e\udd1d Pers\u00f6nlicher Support &amp; strategisches Creator-Matching<\/p>\t\t\t\t\t\t\t\t<\/div>\n\t\t\t\t<\/div>\n\t\t\t\t\t<\/div>\n\t\t<\/div>\n\t\t\t\t\t<\/div>\n\t\t<\/section>\n\t\t\t\t<section class=\"elementor-section elementor-top-section elementor-element elementor-element-3ca6464 elementor-section-boxed elementor-section-gap-beside-yes elementor-section-height-default elementor-section-height-default elementor-section-column-vertical-align-stretch\" data-id=\"3ca6464\" data-element_type=\"section\">\n\t\t\t\t\t\t<div class=\"elementor-container elementor-column-gap-extended\">\n\t\t\t\t\t<div class=\"elementor-column elementor-col-100 elementor-top-column elementor-element elementor-element-62612ae\" data-id=\"62612ae\" data-element_type=\"column\">\n\t\t\t<div class=\"elementor-widget-wrap elementor-element-populated\">\n\t\t\t\t\t\t<div class=\"elementor-element elementor-element-787a003 elementor-widget-divider--view-line elementor-widget elementor-widget-divider\" data-id=\"787a003\" data-element_type=\"widget\" data-widget_type=\"divider.default\">\n\t\t\t\t<div class=\"elementor-widget-container\">\n\t\t\t\t\t\t\t<div class=\"elementor-divider\">\n\t\t\t<span class=\"elementor-divider-separator\">\n\t\t\t\t\t\t<\/span>\n\t\t<\/div>\n\t\t\t\t\t\t<\/div>\n\t\t\t\t<\/div>\n\t\t\t\t<div class=\"elementor-element elementor-element-4ddfe74 elementor-widget-divider--view-line elementor-widget elementor-widget-divider\" data-id=\"4ddfe74\" data-element_type=\"widget\" data-widget_type=\"divider.default\">\n\t\t\t\t<div class=\"elementor-widget-container\">\n\t\t\t\t\t\t\t<div class=\"elementor-divider\">\n\t\t\t<span class=\"elementor-divider-separator\">\n\t\t\t\t\t\t<\/span>\n\t\t<\/div>\n\t\t\t\t\t\t<\/div>\n\t\t\t\t<\/div>\n\t\t\t\t<div class=\"elementor-element elementor-element-40ec24a elementor-widget elementor-widget-heading\" data-id=\"40ec24a\" data-element_type=\"widget\" data-widget_type=\"heading.default\">\n\t\t\t\t<div class=\"elementor-widget-container\">\n\t\t\t\t\t<h3 class=\"elementor-heading-title elementor-size-default\">So steigst du auf:<\/h3>\t\t\t\t<\/div>\n\t\t\t\t<\/div>\n\t\t\t\t<div class=\"elementor-element elementor-element-e636040 elementor-widget elementor-widget-text-editor\" data-id=\"e636040\" data-element_type=\"widget\" data-widget_type=\"text-editor.default\">\n\t\t\t\t<div class=\"elementor-widget-container\">\n\t\t\t\t\t\t\t\t\t<ul><li style=\"text-align: left;\">Sei aktiv bei Partner-Kooperationen<\/li><li style=\"text-align: left;\">Ver\u00f6ffentliche hochwertigen, authentischen Content<\/li><li style=\"text-align: left;\">Optional: UGC-Vorstellungsvideo (Level Boost) \u2013 inkl. Verlinkung<\/li><\/ul><p style=\"text-align: left;\"><strong>Damit wir dich sehen:<\/strong><\/p><ul style=\"text-align: left;\"><li style=\"text-align: left;\">Hashtag #IFCG nutzen<\/li><li style=\"text-align: left;\">@influencercityguide markieren oder Content per DM senden<\/li><\/ul><p style=\"text-align: left;\">Unser Team pr\u00fcft regelm\u00e4\u00dfig deine Beitr\u00e4ge und meldet sich, sobald du f\u00fcrs n\u00e4chste Level freigeschaltet wirst.<\/p>\t\t\t\t\t\t\t\t<\/div>\n\t\t\t\t<\/div>\n\t\t\t\t\t<\/div>\n\t\t<\/div>\n\t\t\t\t\t<\/div>\n\t\t<\/section>\n\t\t\t\t<section class=\"elementor-section elementor-top-section elementor-element elementor-element-850dff6 elementor-section-boxed elementor-section-gap-beside-yes elementor-section-height-default elementor-section-height-default elementor-section-column-vertical-align-stretch\" data-id=\"850dff6\" data-element_type=\"section\">\n\t\t\t\t\t\t<div class=\"elementor-container elementor-column-gap-extended\">\n\t\t\t\t\t<div class=\"elementor-column elementor-col-100 elementor-top-column elementor-element elementor-element-3d43cf4\" data-id=\"3d43cf4\" data-element_type=\"column\">\n\t\t\t<div class=\"elementor-widget-wrap elementor-element-populated\">\n\t\t\t\t\t\t<div class=\"elementor-element elementor-element-3078d65 elementor-cta--skin-classic elementor-animated-content elementor-bg-transform elementor-bg-transform-zoom-in elementor-widget elementor-widget-call-to-action\" data-id=\"3078d65\" data-element_type=\"widget\" data-widget_type=\"call-to-action.default\">\n\t\t\t\t<div class=\"elementor-widget-container\">\n\t\t\t\t\t\t\t<div class=\"elementor-cta\">\n\t\t\t\t\t\t\t<div class=\"elementor-cta__content\">\n\t\t\t\t\n\t\t\t\t<h2 class=\"elementor-cta__title elementor-cta__content-item elementor-content-item\">\ud83d\ude80 Level Boost \u2013 Werde Spotlight Influencer<\/h2>\n\t\t\t\t\t\t\t\t\t<div class=\"elementor-cta__description elementor-cta__content-item elementor-content-item\">\n\t\t\t\t\t\tLade dein UGC-Video hoch, markiere @influencercityguide\nund qualifiziere dich f\u00fcr mehr Sichtbarkeit &amp; exklusive Kampagnen.<br>\ud83d\udc49 Mehr Reichweite. Mehr Status. Mehr Chancen.\t\t\t\t\t<\/div>\n\t\t\t\t\n\t\t\t\t\t\t\t\t\t<div class=\"elementor-cta__button-wrapper elementor-cta__content-item elementor-content-item\">\n\t\t\t\t\t<a class=\"elementor-cta__button elementor-button elementor-size-sm\" href=\"https:\/\/www.influencer-city-guide.net\/de-de\/level-boost\/\">\n\t\t\t\t\t\tJetzt Upgrade starten\t\t\t\t\t<\/a>\n\t\t\t\t\t<\/div>\n\t\t\t\t\t\t\t<\/div>\n\t\t\t\t\t\t<\/div>\n\t\t\t\t\t\t<\/div>\n\t\t\t\t<\/div>\n\t\t\t\t\t<\/div>\n\t\t<\/div>\n\t\t\t\t\t<\/div>\n\t\t<\/section>\n\t\t\t\t<section class=\"elementor-section elementor-top-section elementor-element elementor-element-8589cc2 elementor-section-boxed elementor-section-gap-beside-yes elementor-section-height-default elementor-section-height-default elementor-section-column-vertical-align-stretch\" data-id=\"8589cc2\" data-element_type=\"section\">\n\t\t\t\t\t\t<div class=\"elementor-container elementor-column-gap-extended\">\n\t\t\t\t\t<div class=\"elementor-column elementor-col-100 elementor-top-column elementor-element elementor-element-d919b3d\" data-id=\"d919b3d\" data-element_type=\"column\">\n\t\t\t<div class=\"elementor-widget-wrap elementor-element-populated\">\n\t\t\t\t\t\t<div class=\"elementor-element elementor-element-aaf2500 elementor-widget-divider--view-line elementor-widget elementor-widget-divider\" data-id=\"aaf2500\" data-element_type=\"widget\" data-widget_type=\"divider.default\">\n\t\t\t\t<div class=\"elementor-widget-container\">\n\t\t\t\t\t\t\t<div class=\"elementor-divider\">\n\t\t\t<span class=\"elementor-divider-separator\">\n\t\t\t\t\t\t<\/span>\n\t\t<\/div>\n\t\t\t\t\t\t<\/div>\n\t\t\t\t<\/div>\n\t\t\t\t<div class=\"elementor-element elementor-element-6dc78e9 elementor-widget elementor-widget-heading\" data-id=\"6dc78e9\" data-element_type=\"widget\" data-widget_type=\"heading.default\">\n\t\t\t\t<div class=\"elementor-widget-container\">\n\t\t\t\t\t<h3 class=\"elementor-heading-title elementor-size-default\">Du bist erfahrener Creator?<\/h3>\t\t\t\t<\/div>\n\t\t\t\t<\/div>\n\t\t\t\t<div class=\"elementor-element elementor-element-58bbe27 elementor-widget elementor-widget-text-editor\" data-id=\"58bbe27\" data-element_type=\"widget\" data-widget_type=\"text-editor.default\">\n\t\t\t\t<div class=\"elementor-widget-container\">\n\t\t\t\t\t\t\t\t\t<p style=\"text-align: left;\"><strong>Dann bewirb dich direkt f\u00fcr das n\u00e4chste Level im Influencer City Guide!<br \/><br \/><\/strong>Sende uns dein Media Kit oder deinen Profil-Link \u2013 und zeig uns, was du drauf hast.<strong><br \/><\/strong>Ob Spotlight oder Premium: Wir freuen uns auf starke Creator mit authentischem Content, Engagement &amp; Qualit\u00e4t.<br \/><br \/><strong><a href=\"mailto: influencer@influencer-city-guide.net\"><img decoding=\"async\" class=\"emoji\" role=\"img\" draggable=\"false\" src=\"https:\/\/s.w.org\/images\/core\/emoji\/17.0.2\/svg\/1f449.svg\" alt=\"\ud83d\udc49\" \/>Jetzt bewerben &amp; aufsteigen.<\/a> <br \/><br \/><\/strong>Let\u2019s grow together \u2013 lokal, kreativ und mit echter Wirkung.<\/p>\t\t\t\t\t\t\t\t<\/div>\n\t\t\t\t<\/div>\n\t\t\t\t\t<\/div>\n\t\t<\/div>\n\t\t\t\t\t<\/div>\n\t\t<\/section>\n\t\t\t\t<\/div>","protected":false},"excerpt":{"rendered":"<p>Influencer Levels More visibility. More collaborations. More opportunities. Choose your path \u2013 and join us on our journey! Not all influencers are the same \u2013 and that&#8217;s a good thing. The Influencer City Guide has three levels that match your growth, experience and commitment.Our goal: fair, targeted and professional collaborations \u2013 from which everyone benefits. [&hellip;]<\/p>\n","protected":false},"author":1,"featured_media":0,"parent":0,"menu_order":0,"comment_status":"closed","ping_status":"closed","template":"","meta":{"_acf_changed":false,"footnotes":""},"class_list":["post-22164","page","type-page","status-publish","hentry"],"acf":[],"jetpack_sharing_enabled":true,"_links":{"self":[{"href":"https:\/\/www.influencer-city-guide.net\/de-de\/wp-json\/wp\/v2\/pages\/22164","targetHints":{"allow":["GET"]}}],"collection":[{"href":"https:\/\/www.influencer-city-guide.net\/de-de\/wp-json\/wp\/v2\/pages"}],"about":[{"href":"https:\/\/www.influencer-city-guide.net\/de-de\/wp-json\/wp\/v2\/types\/page"}],"author":[{"embeddable":true,"href":"https:\/\/www.influencer-city-guide.net\/de-de\/wp-json\/wp\/v2\/users\/1"}],"replies":[{"embeddable":true,"href":"https:\/\/www.influencer-city-guide.net\/de-de\/wp-json\/wp\/v2\/comments?post=22164"}],"version-history":[{"count":629,"href":"https:\/\/www.influencer-city-guide.net\/de-de\/wp-json\/wp\/v2\/pages\/22164\/revisions"}],"predecessor-version":[{"id":24928,"href":"https:\/\/www.influencer-city-guide.net\/de-de\/wp-json\/wp\/v2\/pages\/22164\/revisions\/24928"}],"wp:attachment":[{"href":"https:\/\/www.influencer-city-guide.net\/de-de\/wp-json\/wp\/v2\/media?parent=22164"}],"curies":[{"name":"wp","href":"https:\/\/api.w.org\/{rel}","templated":true}]}}